{"id":1425,"date":"2026-03-23T18:30:40","date_gmt":"2026-03-23T18:30:40","guid":{"rendered":"https:\/\/somos52.com\/?page_id=1425"},"modified":"2026-04-06T20:03:30","modified_gmt":"2026-04-06T20:03:30","slug":"%f0%9f%91%97-calyra-by-somos52","status":"publish","type":"page","link":"https:\/\/somos52.com\/?page_id=1425","title":{"rendered":"\u2728 Calyra by Somos+52"},"content":{"rendered":"\n<div class=\"wp-block-greenshift-blocks-container gspb_container gspb_container-gsbp-bc18462\" id=\"gspb_container-id-gsbp-bc18462\">\n<div id=\"gspb_text-id-gsbp-a34ba12\" class=\"gspb_text gspb_text-id-gsbp-a34ba12 \"><strong>Detalles que elevan tu estilo<\/strong><br>En Calyra creemos que cada accesorio es una forma de expresar qui\u00e9n eres.<br>Descubre piezas dise\u00f1adas para acompa\u00f1arte en tu d\u00eda a d\u00eda o en momentos especiales.<br>\ud83d\udc49 Dise\u00f1os modernos<br>\ud83d\udc49 Estilo para cada ocasi\u00f3n<br>\ud83d\udc49 Detalles perfectos para regalar<\/div>\n<\/div>\n\n\n\n<div class=\"wp-block-greenshift-blocks-image gspb_image gspb_image-id-gsbp-e9fab06\" id=\"gspb_image-id-gsbp-e9fab06\"><img decoding=\"async\" src=\"https:\/\/somos52.com\/wp-content\/uploads\/2026\/03\/Calyra2-300x200.png\" data-src=\"\" alt=\"\" loading=\"lazy\" width=\"300\" height=\"200\"\/><\/div>\n\n\n\n<div class=\"gspb_button_wrapper gspb_button-id-gsbp-6614529\" id=\"gspb_button-id-gsbp-6614529\"><a class=\"wp-block-greenshift-blocks-buttonbox gspb-buttonbox wp-element-button\" href=\"https:\/\/calyra.somos52.com\/\" target=\"_blank\" rel=\"noopener\"><span class=\"gspb-buttonbox-textwrap\"><span class=\"gspb-buttonbox-text\"><span class=\"gspb-buttonbox-title\">Calyra.somos52.com<\/span><\/span><\/span><\/a><\/div>\n\n\n\n<div class=\"gspb_button_wrapper gspb_button-id-gsbp-16e02cd\" id=\"gspb_button-id-gsbp-16e02cd\"><a class=\"wp-block-greenshift-blocks-buttonbox gspb-buttonbox wp-element-button\" href=\"https:\/\/www.instagram.com\/calyra.bysomos52\/\" target=\"_blank\" rel=\"noopener\"><span class=\"gspb-buttonbox-textwrap\"><span class=\"gspb-buttonbox-text\"><span class=\"gspb-buttonbox-title\">Conoce nuestro Instagram<\/span><\/span><\/span><\/a><\/div>\n\n\n\n<div id=\"gspb_text-id-gsbp-9971ac3\" class=\"gspb_text gspb_text-id-gsbp-9971ac3 \"><strong>\ud83c\udf38 Expresa tu esencia<\/strong><br><br>1\ufe0f\u20e3 <strong>Accesorios que combinan contigo<\/strong><br>Collares, aretes y brazaletes pensados para resaltar tu estilo.<br><br>2\ufe0f\u20e3 <strong>Dise\u00f1os modernos y en tendencia<\/strong><br>Piezas actuales que puedes usar todos los d\u00edas o en ocasiones especiales.<br><br>3\ufe0f\u20e3 <strong>Opciones perfectas para regalo<\/strong><br>Detalles ideales para sorprender a alguien especial.<br><br>4\ufe0f\u20e3 <strong>Perfumes para cada personalidad<\/strong><br>Aromas que complementan tu presencia y estilo.<br><br>5\ufe0f\u20e3 <strong>Carteras y complementos funcionales<\/strong><br>Pr\u00e1cticos, elegantes y f\u00e1ciles de combinar.<br><br>6\ufe0f\u20e3 <strong>Productos seleccionados con calidad<\/strong><br>Elegimos piezas con buenos acabados y estilo cuidado.<br><br>7\ufe0f\u20e3 <strong>Una experiencia de compra sencilla<\/strong><br>Compra f\u00e1cil, r\u00e1pida y con atenci\u00f3n directa.<\/div>\n\n\n\n<div class=\"wp-block-greenshift-blocks-container gspb_container gspb_container-gsbp-59b1bde\" id=\"gspb_container-id-gsbp-59b1bde\"><div class=\"gspb_marquee_content\">\n<h2 id=\"gspb_heading-id-gsbp-e8ee017\" class=\"gspb_heading gspb_heading-id-gsbp-e8ee017 \">Calyra by Somos+52<\/h2>\n<\/div><div class=\"gspb_marquee_content\" aria-hidden=\"true\">\n<h2 id=\"gspb_heading-id-gsbp-e8ee017\" class=\"gspb_heading gspb_heading-id-gsbp-e8ee017 \">Calyra by Somos+52<\/h2>\n<\/div><\/div>\n\n\n\n<div class=\"wp-block-greenshift-blocks-image gspb_image gspb_image-id-gsbp-298341c\" id=\"gspb_image-id-gsbp-298341c\"><img decoding=\"async\" src=\"https:\/\/somos52.com\/wp-content\/uploads\/2026\/04\/Aaserora-banner.png\" data-src=\"\" alt=\"\" loading=\"lazy\" width=\"600px\" height=\"1024\"\/><\/div>\n","protected":false},"excerpt":{"rendered":"","protected":false},"author":1,"featured_media":0,"parent":0,"menu_order":0,"comment_status":"closed","ping_status":"closed","template":"","meta":{"_gspb_post_css":"@import url(\"https:\/\/fonts.googleapis.com\/css?family=Poppins|Poppins\");.gspb_container-id-gsbp-bc18462{flex-direction: column;box-sizing: border-box;}#gspb_container-id-gsbp-bc18462.gspb_container > p:last-of-type{margin-bottom:0}#gspb_container-id-gsbp-bc18462.gspb_container{position:relative;}#gspb_container-id-gsbp-bc18462.gspb_container{margin-bottom:20px;}#gspb_container-id-gsbp-bc18462.gspb_container{box-sizing:border-box;}.gspb_text-id-gsbp-a34ba12{font-weight:400;}.gspb_text-id-gsbp-a34ba12{font-family:Poppins, sans-serif;}.gspb_text-id-gsbp-a34ba12{font-size:30px;}.gspb_text-id-gsbp-a34ba12{margin-top:0px!important;}#gspb_image-id-gsbp-e9fab06 img{vertical-align:top;}#gspb_image-id-gsbp-e9fab06 img{display:inline-block;box-sizing:border-box;max-width:100%;height:auto;}#gspb_button-id-gsbp-6614529{display:flex; justify-content:flex-start;}#gspb_button-id-gsbp-6614529 .gspb-buttonbox-text{display:flex; flex-direction: column;}#gspb_button-id-gsbp-6614529 > .gspb-buttonbox{box-sizing:border-box}#gspb_button-id-gsbp-6614529 > .gspb-buttonbox{margin-top:0px;margin-bottom:24px;}#gspb_button-id-gsbp-16e02cd{display:flex; justify-content:flex-start;}#gspb_button-id-gsbp-16e02cd .gspb-buttonbox-text{display:flex; flex-direction: column;}#gspb_button-id-gsbp-16e02cd > .gspb-buttonbox{box-sizing:border-box}#gspb_button-id-gsbp-16e02cd > .gspb-buttonbox{margin-top:0px;margin-bottom:24px;}.gspb_text-id-gsbp-9971ac3{font-weight:400;}.gspb_text-id-gsbp-9971ac3{font-family:Poppins, sans-serif;}.gspb_text-id-gsbp-9971ac3{font-size:30px;}.gspb_text-id-gsbp-9971ac3{background-color:#f3f3f3;}.gspb_container-id-gsbp-59b1bde{flex-direction: column;box-sizing: border-box;}#gspb_container-id-gsbp-59b1bde.gspb_container > p:last-of-type{margin-bottom:0}#gspb_container-id-gsbp-59b1bde.gspb_container{position:relative;}#gspb_container-id-gsbp-59b1bde.gspb_container{overflow:hidden;display: flex;--gap: 1rem;gap: var(--gap);}#gspb_container-id-gsbp-59b1bde.gspb_container > .gspb_marquee_content {flex-shrink: 0;display: flex;justify-content: space-around;gap: var(--gap);min-width: 100%;}@keyframes marqueegsbp-59b1bde{from {transform: translateX(0);}to{transform: translateX(calc(-100% - var(--gap)));}}#gspb_container-id-gsbp-59b1bde.gspb_container.marquee_enabled .gspb_marquee_content {animation: marqueegsbp-59b1bde 12s linear infinite;}@media (prefers-reduced-motion: reduce) {#gspb_container-id-gsbp-59b1bde.gspb_container .marquee__content {animation-play-state: paused!important;}}#gspb_container-id-gsbp-59b1bde.gspb_container{mask-image: linear-gradient(to left, hsl(0 0% 0% \/ 0), hsl(0 0% 0% \/ 1) 5%, hsl(0 0% 0% \/ 1) 95%, hsl(0 0% 0% \/ 0));}#gspb_container-id-gsbp-59b1bde.gspb_container{box-sizing:border-box;}#gspb_heading-id-gsbp-e8ee017{margin-top:24px;margin-bottom:0px;}#gspb_image-id-gsbp-298341c{text-align:center;}#gspb_image-id-gsbp-298341c img{vertical-align:middle;}#gspb_image-id-gsbp-298341c img{display:inline-block;box-sizing:border-box;max-width:100%;height:auto;}#gspb_image-id-gsbp-298341c img{width:600px;}#gspb_image-id-gsbp-298341c, #gspb_image-id-gsbp-298341c img{height:auto;}@media (max-width: 991.98px){#gspb_image-id-gsbp-298341c, #gspb_image-id-gsbp-298341c img{height:auto;}}@media (max-width: 767.98px){#gspb_image-id-gsbp-298341c, #gspb_image-id-gsbp-298341c img{height:auto;}}@media (max-width: 575.98px){#gspb_image-id-gsbp-298341c, #gspb_image-id-gsbp-298341c img{height:auto;}}","_kadence_starter_templates_imported_post":false,"footnotes":""},"class_list":["post-1425","page","type-page","status-publish","hentry"],"blocksy_meta":[],"_links":{"self":[{"href":"https:\/\/somos52.com\/index.php?rest_route=\/wp\/v2\/pages\/1425","targetHints":{"allow":["GET"]}}],"collection":[{"href":"https:\/\/somos52.com\/index.php?rest_route=\/wp\/v2\/pages"}],"about":[{"href":"https:\/\/somos52.com\/index.php?rest_route=\/wp\/v2\/types\/page"}],"author":[{"embeddable":true,"href":"https:\/\/somos52.com\/index.php?rest_route=\/wp\/v2\/users\/1"}],"replies":[{"embeddable":true,"href":"https:\/\/somos52.com\/index.php?rest_route=%2Fwp%2Fv2%2Fcomments&post=1425"}],"version-history":[{"count":14,"href":"https:\/\/somos52.com\/index.php?rest_route=\/wp\/v2\/pages\/1425\/revisions"}],"predecessor-version":[{"id":1551,"href":"https:\/\/somos52.com\/index.php?rest_route=\/wp\/v2\/pages\/1425\/revisions\/1551"}],"wp:attachment":[{"href":"https:\/\/somos52.com\/index.php?rest_route=%2Fwp%2Fv2%2Fmedia&parent=1425"}],"curies":[{"name":"wp","href":"https:\/\/api.w.org\/{rel}","templated":true}]}}