{"id":1439,"date":"2026-03-23T19:02:07","date_gmt":"2026-03-23T19:02:07","guid":{"rendered":"https:\/\/somos52.com\/?page_id=1439"},"modified":"2026-04-06T19:59:39","modified_gmt":"2026-04-06T19:59:39","slug":"%f0%9f%8c%90-globalforward-52","status":"publish","type":"page","link":"https:\/\/somos52.com\/?page_id=1439","title":{"rendered":"\ud83c\udf10 GlobalForward +52"},"content":{"rendered":"\n<div class=\"wp-block-greenshift-blocks-container gspb_container gspb_container-gsbp-c3459c6\" id=\"gspb_container-id-gsbp-c3459c6\">\n<div id=\"gspb_text-id-gsbp-a19dacc\" class=\"gspb_text gspb_text-id-gsbp-a19dacc \"><strong>GlobalForward +52<\/strong> nace como la unidad especializada en <strong>freight forwarding y soluciones log\u00edsticas internacionales<\/strong> de Grupo Somos +52.<br><br>Desde su origen, nos enfocamos en <strong>conectar mercados, facilitar operaciones de importaci\u00f3n y exportaci\u00f3n<\/strong>, y simplificar procesos log\u00edsticos complejos mediante una atenci\u00f3n cercana, personalizada y orientada a resultados.<br><br>Nuestra propuesta integra <strong>experiencia operativa, visi\u00f3n comercial y enfoque en servicio<\/strong>, ofreciendo soluciones eficientes en transporte internacional y gesti\u00f3n log\u00edstica.<\/div>\n<\/div>\n\n\n\n<div class=\"wp-block-greenshift-blocks-image gspb_image gspb_image-id-gsbp-391fa66\" id=\"gspb_image-id-gsbp-391fa66\"><img decoding=\"async\" src=\"https:\/\/somos52.com\/wp-content\/uploads\/2026\/03\/Global-Logo-Fondo-Blanco-300x300.png\" data-src=\"\" alt=\"\" loading=\"lazy\" width=\"300\" height=\"300\"\/><\/div>\n\n\n\n<div class=\"gspb_button_wrapper gspb_button-id-gsbp-66cb928\" id=\"gspb_button-id-gsbp-66cb928\"><a class=\"wp-block-greenshift-blocks-buttonbox gspb-buttonbox wp-element-button\" href=\"https:\/\/www.linkedin.com\/company\/globalforward-52-freight-forwarding-logistics\" target=\"_blank\" rel=\"noopener\"><span class=\"gspb-buttonbox-textwrap\"><span class=\"gspb-buttonbox-text\"><span class=\"gspb-buttonbox-title\">Conocenos en Linkedln<\/span><\/span><\/span><\/a><\/div>\n\n\n\n<div class=\"gspb_button_wrapper gspb_button-id-gsbp-ae01608\" id=\"gspb_button-id-gsbp-ae01608\"><a class=\"wp-block-greenshift-blocks-buttonbox gspb-buttonbox wp-element-button\" href=\"https:\/\/globalforward.somos52.com\/\" target=\"_blank\" rel=\"noopener\"><span class=\"gspb-buttonbox-textwrap\"><span class=\"gspb-buttonbox-text\"><span class=\"gspb-buttonbox-title\">GlobalForward.somos52.com<\/span><\/span><\/span><\/a><\/div>\n\n\n\n<div class=\"wp-block-group is-nowrap is-layout-flex wp-container-core-group-is-layout-6c531013 wp-block-group-is-layout-flex\">\n<div id=\"gspb_text-id-gsbp-85c7c4f\" class=\"gspb_text gspb_text-id-gsbp-85c7c4f \">\u2708\ufe0f <strong>Freight Forwarding Internacional<\/strong><br>Coordinaci\u00f3n integral de embarques internacionales adaptados a las necesidades espec\u00edficas de cada cliente.<br><br>\ud83d\udee9\ufe0f<strong> Transporte A\u00e9reo<\/strong><br>Soluciones \u00e1giles para carga urgente, prioritaria o de alto valor.<br><br>\ud83d\udea2<strong> Transporte Mar\u00edtimo<\/strong><br>Opciones eficientes para carga consolidada (LCL) o completa (FCL) en rutas internacionales.<br><br>\ud83d\udce6 <strong>Consolidaci\u00f3n de Carga<\/strong><br>Agrupaci\u00f3n estrat\u00e9gica de mercanc\u00edas para reducir costos y mejorar la eficiencia del env\u00edo.<br><br>\ud83d\udcd1 <strong>Nacionalizaci\u00f3n y Gesti\u00f3n Aduanera<\/strong><br>Acompa\u00f1amiento en procesos documentales, cumplimiento normativo y coordinaci\u00f3n para el ingreso legal de mercanc\u00edas.<br><br>\ud83e\udd1d <strong>Asesor\u00eda Log\u00edstica Personalizada<\/strong><br>Evaluaci\u00f3n de requerimientos y dise\u00f1o de soluciones log\u00edsticas a la medida.<br><br>\ud83d\udc49 <strong>\u201cConectamos tu carga con el mundo.\u201d<\/strong><br><\/div>\n<\/div>\n\n\n\n<div class=\"wp-block-greenshift-blocks-container gspb_container gspb_container-gsbp-3e69ff6\" id=\"gspb_container-id-gsbp-3e69ff6\"><div class=\"gspb_marquee_content\">\n<h2 id=\"gspb_heading-id-gsbp-575ca6c\" class=\"gspb_heading gspb_heading-id-gsbp-575ca6c \">GlobalForward +52<\/h2>\n<\/div><div class=\"gspb_marquee_content\" aria-hidden=\"true\">\n<h2 id=\"gspb_heading-id-gsbp-575ca6c\" class=\"gspb_heading gspb_heading-id-gsbp-575ca6c \">GlobalForward +52<\/h2>\n<\/div><\/div>\n\n\n\n<div class=\"wp-block-greenshift-blocks-image gspb_image gspb_image-id-gsbp-f101ebb\" id=\"gspb_image-id-gsbp-f101ebb\"><img decoding=\"async\" src=\"https:\/\/somos52.com\/wp-content\/uploads\/2026\/04\/ChatGPT-Image-6-abr-2026-02_14_28-p.m.png\" data-src=\"\" alt=\"\" loading=\"lazy\" width=\"600px\" height=\"1024\"\/><\/div>\n","protected":false},"excerpt":{"rendered":"","protected":false},"author":1,"featured_media":0,"parent":0,"menu_order":0,"comment_status":"closed","ping_status":"closed","template":"","meta":{"_gspb_post_css":"@import url(\"https:\/\/fonts.googleapis.com\/css?family=Poppins|Poppins\");.gspb_container-id-gsbp-c3459c6{flex-direction: column;box-sizing: border-box;}#gspb_container-id-gsbp-c3459c6.gspb_container > p:last-of-type{margin-bottom:0}#gspb_container-id-gsbp-c3459c6.gspb_container{position:relative;}#gspb_container-id-gsbp-c3459c6.gspb_container{box-sizing:border-box;}.gspb_text-id-gsbp-a19dacc{font-weight:400;}.gspb_text-id-gsbp-a19dacc{font-family:Poppins, sans-serif;}.gspb_text-id-gsbp-a19dacc{font-size:30px;}#gspb_image-id-gsbp-391fa66 img{vertical-align:top;}#gspb_image-id-gsbp-391fa66 img{display:inline-block;box-sizing:border-box;max-width:100%;height:auto;}#gspb_image-id-gsbp-391fa66{margin-bottom:0px;}#gspb_button-id-gsbp-66cb928{display:flex; justify-content:flex-start;}#gspb_button-id-gsbp-66cb928 .gspb-buttonbox-text{display:flex; flex-direction: column;}#gspb_button-id-gsbp-66cb928 > .gspb-buttonbox{box-sizing:border-box}#gspb_button-id-gsbp-66cb928 > .gspb-buttonbox{margin-top:0px;}#gspb_button-id-gsbp-ae01608{display:flex; justify-content:flex-start;}#gspb_button-id-gsbp-ae01608 .gspb-buttonbox-text{display:flex; flex-direction: column;}#gspb_button-id-gsbp-ae01608 > .gspb-buttonbox{box-sizing:border-box}#gspb_button-id-gsbp-ae01608 > .gspb-buttonbox{margin-top:0px;}.gspb_text-id-gsbp-85c7c4f{font-weight:400;}.gspb_text-id-gsbp-85c7c4f{font-family:Poppins, sans-serif;}.gspb_text-id-gsbp-85c7c4f{font-size:30px;}.gspb_text-id-gsbp-85c7c4f, .gspb_text-id-gsbp-85c7c4f .gsap-g-line{text-align:left!important;}.gspb_text-id-gsbp-85c7c4f{background-color:#f3f3f3;}.gspb_container-id-gsbp-3e69ff6{flex-direction: column;box-sizing: border-box;}#gspb_container-id-gsbp-3e69ff6.gspb_container > p:last-of-type{margin-bottom:0}#gspb_container-id-gsbp-3e69ff6.gspb_container{position:relative;}#gspb_container-id-gsbp-3e69ff6.gspb_container{overflow:hidden;display: flex;--gap: 1rem;gap: var(--gap);}#gspb_container-id-gsbp-3e69ff6.gspb_container > .gspb_marquee_content {flex-shrink: 0;display: flex;justify-content: space-around;gap: var(--gap);min-width: 100%;}@keyframes marqueegsbp-3e69ff6{from {transform: translateX(0);}to{transform: translateX(calc(-100% - var(--gap)));}}#gspb_container-id-gsbp-3e69ff6.gspb_container.marquee_enabled .gspb_marquee_content {animation: marqueegsbp-3e69ff6 12s linear infinite;}@media (prefers-reduced-motion: reduce) {#gspb_container-id-gsbp-3e69ff6.gspb_container .marquee__content {animation-play-state: paused!important;}}#gspb_container-id-gsbp-3e69ff6.gspb_container{mask-image: linear-gradient(to left, hsl(0 0% 0% \/ 0), hsl(0 0% 0% \/ 1) 5%, hsl(0 0% 0% \/ 1) 95%, hsl(0 0% 0% \/ 0));}#gspb_container-id-gsbp-3e69ff6.gspb_container{box-sizing:border-box;}#gspb_heading-id-gsbp-575ca6c{margin-top:0px;margin-bottom:0px;}#gspb_image-id-gsbp-f101ebb{text-align:center;}#gspb_image-id-gsbp-f101ebb img{vertical-align:middle;}#gspb_image-id-gsbp-f101ebb img{display:inline-block;box-sizing:border-box;max-width:100%;height:auto;}#gspb_image-id-gsbp-f101ebb img{width:600px;}#gspb_image-id-gsbp-f101ebb, #gspb_image-id-gsbp-f101ebb img{height:auto;}@media (max-width: 991.98px){#gspb_image-id-gsbp-f101ebb, #gspb_image-id-gsbp-f101ebb img{height:auto;}}@media (max-width: 767.98px){#gspb_image-id-gsbp-f101ebb, #gspb_image-id-gsbp-f101ebb img{height:auto;}}@media (max-width: 575.98px){#gspb_image-id-gsbp-f101ebb, #gspb_image-id-gsbp-f101ebb img{height:auto;}}","_kadence_starter_templates_imported_post":false,"footnotes":""},"class_list":["post-1439","page","type-page","status-publish","hentry"],"blocksy_meta":[],"_links":{"self":[{"href":"https:\/\/somos52.com\/index.php?rest_route=\/wp\/v2\/pages\/1439","targetHints":{"allow":["GET"]}}],"collection":[{"href":"https:\/\/somos52.com\/index.php?rest_route=\/wp\/v2\/pages"}],"about":[{"href":"https:\/\/somos52.com\/index.php?rest_route=\/wp\/v2\/types\/page"}],"author":[{"embeddable":true,"href":"https:\/\/somos52.com\/index.php?rest_route=\/wp\/v2\/users\/1"}],"replies":[{"embeddable":true,"href":"https:\/\/somos52.com\/index.php?rest_route=%2Fwp%2Fv2%2Fcomments&post=1439"}],"version-history":[{"count":8,"href":"https:\/\/somos52.com\/index.php?rest_route=\/wp\/v2\/pages\/1439\/revisions"}],"predecessor-version":[{"id":1549,"href":"https:\/\/somos52.com\/index.php?rest_route=\/wp\/v2\/pages\/1439\/revisions\/1549"}],"wp:attachment":[{"href":"https:\/\/somos52.com\/index.php?rest_route=%2Fwp%2Fv2%2Fmedia&parent=1439"}],"curies":[{"name":"wp","href":"https:\/\/api.w.org\/{rel}","templated":true}]}}