{"id":16,"date":"2024-01-15T14:05:11","date_gmt":"2024-01-15T14:05:11","guid":{"rendered":"https:\/\/somos52.com\/?page_id=16"},"modified":"2026-03-23T19:37:46","modified_gmt":"2026-03-23T19:37:46","slug":"meet-our-team","status":"publish","type":"page","link":"https:\/\/somos52.com\/?page_id=16","title":{"rendered":"Equipo"},"content":{"rendered":"\n<div class=\"wp-block-greenshift-blocks-container gspb_container gspb_container-gsbp-a43e0e1\" id=\"gspb_container-id-gsbp-a43e0e1\">\n<div class=\"wp-block-greenshift-blocks-container gspb_container gspb_container-gsbp-e3d3e91\" id=\"gspb_container-id-gsbp-e3d3e91\"><\/div>\n\n\n\n<div class=\"wp-block-greenshift-blocks-row gspb_row gspb_row-id-gsbp-a510bfa gspb_row--gutter-custom-0\" id=\"gspb_row-id-gsbp-a510bfa\"><div class=\"gspb_row__content\"> \n<div class=\"wp-block-greenshift-blocks-row-column gspb_row__col--6 gspb_row__col--md-12 gspb_col-id-gsbp-cafce71\" id=\"gspb_col-id-gsbp-cafce71\">\n<h1 id=\"gspb_heading-id-gsbp-d65ca84\" class=\"gspb_heading gspb_heading-id-gsbp-d65ca84 \">Nuestro Equipo<\/h1>\n<\/div>\n\n\n\n<div class=\"wp-block-greenshift-blocks-row-column gspb_row__col--6 gspb_row__col--md-12 gspb_col-id-gsbp-3fc62f3\" id=\"gspb_col-id-gsbp-3fc62f3\">\n<div class=\"wp-block-greenshift-blocks-image gspb_image gspb_image-id-gsbp-bade469\" id=\"gspb_image-id-gsbp-bade469\"><img decoding=\"async\" src=\"https:\/\/somos52.com\/wp-content\/uploads\/2026\/03\/Somos52-dorado-2.png\" data-src=\"\" alt=\"\" loading=\"lazy\" width=\"1280\" height=\"697\"\/><\/div>\n<\/div>\n <\/div><\/div>\n\n\n\n<figure class=\"wp-block-pullquote has-medium-font-size\" style=\"padding-right:var(--wp--preset--spacing--20);padding-left:var(--wp--preset--spacing--20)\"><blockquote><p>En <strong>Grupo Somos +52<\/strong> contamos con un equipo multicultural de profesionales altamente especializados en diferentes \u00e1reas clave de la gesti\u00f3n empresarial.<br><br>Nuestro equipo est\u00e1 conformado por especialistas con experiencia en <strong>marketing, desarrollo comercial, ventas, recursos humanos, an\u00e1lisis matem\u00e1tico, gesti\u00f3n financiera, supply chain, log\u00edstica, optimizaci\u00f3n de procesos y metodolog\u00edas de mejora continua como Lean Six Sigma<\/strong>.<\/p><cite>\u00abUn equipo multicultural de profesionales comprometidos con generar soluciones estrat\u00e9gicas que impulsan empresas y conectan oportunidades en Norteam\u00e9rica y Centroam\u00e9rica.\u00bb<\/cite><\/blockquote><\/figure>\n<\/div>\n\n\n\n<div class=\"wp-block-greenshift-blocks-container gspb_container gspb_container-gsbp-77f37b6\" id=\"gspb_container-id-gsbp-77f37b6\">\n<div class=\"wp-block-greenshift-blocks-container gspb_container gspb_container-gsbp-3961bf2\" id=\"gspb_container-id-gsbp-3961bf2\"><\/div>\n\n\n\n<div class=\"wp-block-greenshift-blocks-row gspb_row gspb_row-id-gsbp-79dd149 gspb_row--gutter-custom-0\" id=\"gspb_row-id-gsbp-79dd149\"><div class=\"gspb_row__content\"> \n<div class=\"wp-block-greenshift-blocks-row-column gspb_row__col--6 gspb_row__col--md-12 gspb_col-id-gsbp-b341d87\" id=\"gspb_col-id-gsbp-b341d87\">\n<h1 id=\"gspb_heading-id-gsbp-58b84ab\" class=\"gspb_heading gspb_heading-id-gsbp-58b84ab \">Caracter\u00edsticas de nuestro equipo <\/h1>\n<\/div>\n\n\n\n<div class=\"wp-block-greenshift-blocks-row-column gspb_row__col--6 gspb_row__col--md-12 gspb_col-id-gsbp-1c6449a\" id=\"gspb_col-id-gsbp-1c6449a\">\n<div class=\"wp-block-greenshift-blocks-image gspb_image gspb_image-id-gsbp-725da68\" id=\"gspb_image-id-gsbp-725da68\"><img decoding=\"async\" src=\"https:\/\/somos52.com\/wp-content\/uploads\/2026\/03\/Somos52-Rojo-2.png\" data-src=\"\" alt=\"\" loading=\"lazy\" width=\"1280\" height=\"697\"\/><\/div>\n<\/div>\n <\/div><\/div>\n\n\n\n<figure class=\"wp-block-pullquote has-medium-font-size\" style=\"padding-right:var(--wp--preset--spacing--20);padding-left:var(--wp--preset--spacing--20)\"><blockquote><p>La diversidad de conocimientos y experiencias dentro de nuestro equipo nos permite abordar los desaf\u00edos empresariales desde una perspectiva integral, combinando visi\u00f3n estrat\u00e9gica, an\u00e1lisis t\u00e9cnico y enfoque operativo.<br><br>Trabajamos de manera colaborativa para dise\u00f1ar soluciones que impulsen el crecimiento de las organizaciones, mejoren su eficiencia operativa y fortalezcan su competitividad en los mercados de <strong>Norteam\u00e9rica y Centroam\u00e9rica<\/strong>.<\/p><cite>\u00abCreemos en la uni\u00f3n de profesionales especializados en diferentes \u00e1reas empresariales para construir soluciones m\u00e1s s\u00f3lidas, estrat\u00e9gicas y adaptadas a los desaf\u00edos del mercado actual.\u00bb<\/cite><\/blockquote><\/figure>\n<\/div>\n\n\n\n<div id=\"gspb_text-id-gsbp-6b14e2e\" class=\"gspb_text gspb_text-id-gsbp-6b14e2e \">En <strong>Grupo Somos +52<\/strong>, creemos que la uni\u00f3n del talento, el conocimiento y la experiencia profesional es el motor que permite transformar ideas en soluciones empresariales sostenibles.<\/div>\n\n\n\n<div class=\"wp-block-greenshift-blocks-container gspb_container gspb_container-gsbp-82702d6\" id=\"gspb_container-id-gsbp-82702d6\"><div class=\"gspb_marquee_content\">\n<h2 id=\"gspb_heading-id-gsbp-4f82075\" class=\"gspb_heading gspb_heading-id-gsbp-4f82075 \">Grupo Somos +52<\/h2>\n<\/div><div class=\"gspb_marquee_content\" aria-hidden=\"true\">\n<h2 id=\"gspb_heading-id-gsbp-4f82075\" class=\"gspb_heading gspb_heading-id-gsbp-4f82075 \">Grupo Somos +52<\/h2>\n<\/div><\/div>\n","protected":false},"excerpt":{"rendered":"","protected":false},"author":1,"featured_media":0,"parent":0,"menu_order":0,"comment_status":"closed","ping_status":"closed","template":"","meta":{"_gspb_post_css":"@import url(\"https:\/\/fonts.googleapis.com\/css?family=Poppins|Poppins\");.gspb_container-id-gsbp-a43e0e1{flex-direction: column;box-sizing: border-box;}#gspb_container-id-gsbp-a43e0e1.gspb_container > p:last-of-type{margin-bottom:0}#gspb_container-id-gsbp-a43e0e1.gspb_container{position:relative;}#gspb_container-id-gsbp-a43e0e1.gspb_container{margin-bottom:34px;padding-right:30px;padding-left:80px;}@media (max-width: 991.98px){#gspb_container-id-gsbp-a43e0e1.gspb_container{margin-bottom:80px;padding-right:50px;padding-left:50px;}}@media (max-width: 575.98px){#gspb_container-id-gsbp-a43e0e1.gspb_container{padding-right:40px;padding-left:40px;}}#gspb_container-id-gsbp-a43e0e1.gspb_container{border-top-left-radius:60px;border-top-right-radius:60px;border-bottom-right-radius:60px;border-bottom-left-radius:60px;}@media (max-width: 991.98px){#gspb_container-id-gsbp-a43e0e1.gspb_container{border-top-left-radius:20px;border-top-right-radius:20px;border-bottom-right-radius:20px;border-bottom-left-radius:20px;}}#gspb_container-id-gsbp-a43e0e1.gspb_container > .gspb_backgroundOverlay{border-top-left-radius:60px;border-top-right-radius:60px;border-bottom-right-radius:60px;border-bottom-left-radius:60px;}@media (max-width: 991.98px){#gspb_container-id-gsbp-a43e0e1.gspb_container > .gspb_backgroundOverlay{border-top-left-radius:20px;border-top-right-radius:20px;border-bottom-right-radius:20px;border-bottom-left-radius:20px;}}#gspb_container-id-gsbp-a43e0e1.gspb_container{background-color:var(--wp--preset--color--palette-color-5, var(--theme-palette-color-5, #E7F4F1));}@media (max-width: 991.98px){#gspb_container-id-gsbp-a43e0e1.gspb_container{background-color:var(--wp--preset--color--palette-color-5, var(--theme-palette-color-5, #E7F4F1));}}@media (max-width: 767.98px){#gspb_container-id-gsbp-a43e0e1.gspb_container{background-color:var(--wp--preset--color--palette-color-5, var(--theme-palette-color-5, #E7F4F1));}}@media (max-width: 575.98px){#gspb_container-id-gsbp-a43e0e1.gspb_container{background-color:var(--wp--preset--color--palette-color-5, var(--theme-palette-color-5, #E7F4F1));}}#gspb_container-id-gsbp-a43e0e1.gspb_container{box-sizing:border-box;}.gspb_container-id-gsbp-e3d3e91{flex-direction: column;box-sizing: border-box;}#gspb_container-id-gsbp-e3d3e91.gspb_container > p:last-of-type{margin-bottom:0}#gspb_container-id-gsbp-e3d3e91.gspb_container{position:relative;}body.gspb-bodyfront #gspb_container-id-gsbp-e3d3e91.gspb_container{position:absolute;top:0px;right:0px;bottom:0px;left:0px;}#gspb_container-id-gsbp-e3d3e91.gspb_container{overflow:hidden;}#gspb_container-id-gsbp-e3d3e91.gspb_container{border-top-left-radius:60px;border-top-right-radius:60px;border-bottom-right-radius:60px;border-bottom-left-radius:60px;}@media (max-width: 991.98px){#gspb_container-id-gsbp-e3d3e91.gspb_container{border-top-left-radius:20px;border-top-right-radius:20px;border-bottom-right-radius:20px;border-bottom-left-radius:20px;}}#gspb_container-id-gsbp-e3d3e91.gspb_container > .gspb_backgroundOverlay{border-top-left-radius:60px;border-top-right-radius:60px;border-bottom-right-radius:60px;border-bottom-left-radius:60px;}@media (max-width: 991.98px){#gspb_container-id-gsbp-e3d3e91.gspb_container > .gspb_backgroundOverlay{border-top-left-radius:20px;border-top-right-radius:20px;border-bottom-right-radius:20px;border-bottom-left-radius:20px;}}#gspb_container-id-gsbp-e3d3e91.gspb_container{background-color:var(--wp--preset--color--palette-color-8, var(--theme-palette-color-8, #ffffff));}#gspb_container-id-gsbp-e3d3e91.gspb_container{box-sizing:border-box;}body.gspb-bodyfront #gspb_container-id-gsbp-e3d3e91.gspb_container{width:100%;}body.gspb-bodyfront #gspb_container-id-gsbp-e3d3e91.gspb_container{height:100%;}#gspb_row-id-gsbp-a510bfa{justify-content: space-between;margin-top: 0px;margin-bottom: 0px;display: flex;flex-wrap: wrap;}#gspb_row-id-gsbp-a510bfa > .gspb_row__content {display: flex;justify-content: space-between;margin: 0 auto;width: 100%;flex-wrap: wrap;}.gspb_row{position:relative;}div[id^=gspb_col-id]{box-sizing:border-box;position:relative;}body.gspb-bodyfront #gspb_row-id-gsbp-a510bfa > .gspb_row__content{width:var(--theme-container-width, 1200px);}body.gspb-bodyfront #gspb_row-id-gsbp-a510bfa > .gspb_row__content{max-width:var(--theme-normal-container-max-width, 1200px);}#gspb_row-id-gsbp-a510bfa{margin-bottom:0px;}#gspb_row-id-gsbp-a510bfa{font-weight:400;}#gspb_row-id-gsbp-a510bfa{font-family:Poppins, sans-serif;}#gspb_row-id-gsbp-a510bfa{border-top-left-radius:60px;border-top-right-radius:60px;border-bottom-right-radius:60px;border-bottom-left-radius:60px;}#gspb_row-id-gsbp-a510bfa > .gspb_backgroundOverlay{border-top-left-radius:60px;border-top-right-radius:60px;border-bottom-right-radius:60px;border-bottom-left-radius:60px;}#gspb_col-id-gsbp-cafce71.gspb_row__col--6{width:calc(50% - 15px);}@media (max-width: 991.98px){#gspb_col-id-gsbp-cafce71.gspb_row__col--6{width:100%;}}@media (max-width: 767.98px){#gspb_col-id-gsbp-cafce71.gspb_row__col--6{width:calc(100% - 15px);}}@media (max-width: 575.98px){#gspb_col-id-gsbp-cafce71.gspb_row__col--6{width:100%;}}@media (min-width:992px){body.gspb-bodyfront #gspb_col-id-gsbp-cafce71.gspb_row__col--6{width:calc(55% - 0px - 15px)}}.gspb_row #gspb_col-id-gsbp-cafce71.gspb_row__col--6{padding-top:40px;padding-right:0px;padding-bottom:40px;padding-left:0px;}@media (max-width: 991.98px){.gspb_row #gspb_col-id-gsbp-cafce71.gspb_row__col--6{padding-top:50px;padding-bottom:50px;}}@media (max-width: 575.98px){.gspb_row #gspb_col-id-gsbp-cafce71.gspb_row__col--6{padding-top:40px;padding-bottom:40px;}}body #gspb_col-id-gsbp-cafce71.gspb_row__col--6{display:flex;flex-direction:column;justify-content:center;}@media (max-width: 991.98px){body #gspb_col-id-gsbp-cafce71.gspb_row__col--6{align-items:center;}}#gspb_heading-id-gsbp-d65ca84{font-size:50px;}@media (max-width: 991.98px){#gspb_heading-id-gsbp-d65ca84{font-size:35px;}}@media (max-width: 575.98px){#gspb_heading-id-gsbp-d65ca84{font-size:30px;}}@media (max-width: 991.98px){#gspb_heading-id-gsbp-d65ca84, #gspb_heading-id-gsbp-d65ca84 .gsap-g-line{text-align:center!important;}}#gspb_heading-id-gsbp-d65ca84{font-weight:800!important;}@media (max-width: 991.98px){#gspb_heading-id-gsbp-d65ca84{font-weight:800!important;}}@media (max-width: 767.98px){#gspb_heading-id-gsbp-d65ca84{font-weight:800!important;}}@media (max-width: 575.98px){#gspb_heading-id-gsbp-d65ca84{font-weight:800!important;}}#gspb_heading-id-gsbp-d65ca84{margin-top:0px;margin-bottom:16px;}#gspb_col-id-gsbp-3fc62f3.gspb_row__col--6{width:calc(50% - 15px);}@media (max-width: 991.98px){#gspb_col-id-gsbp-3fc62f3.gspb_row__col--6{width:100%;}}@media (max-width: 767.98px){#gspb_col-id-gsbp-3fc62f3.gspb_row__col--6{width:calc(100% - 15px);}}@media (max-width: 575.98px){#gspb_col-id-gsbp-3fc62f3.gspb_row__col--6{width:100%;}}@media (min-width:992px){body.gspb-bodyfront #gspb_col-id-gsbp-3fc62f3.gspb_row__col--6{width:calc(45% - 0px - 15px)}}.gspb_row #gspb_col-id-gsbp-3fc62f3.gspb_row__col--6{padding-top:0px;padding-right:0px;padding-bottom:0px;padding-left:0px;}body #gspb_col-id-gsbp-3fc62f3.gspb_row__col--6{display:flex;flex-direction:column;justify-content:flex-end;}@media (max-width: 991.98px){#gspb_image-id-gsbp-bade469{text-align:center;}}#gspb_image-id-gsbp-bade469 img{vertical-align:top;}#gspb_image-id-gsbp-bade469 img{display:inline-block;box-sizing:border-box;max-width:100%;height:auto;}#gspb_image-id-gsbp-bade469{margin-top:-35px;}@media (max-width: 991.98px){#gspb_image-id-gsbp-bade469{margin-top:0px;}}body.gspb-bodyfront #gspb_image-id-gsbp-bade469{position:absolute;top:19px;left:19.186046511627907%;}@media (max-width: 991.98px){body.gspb-bodyfront #gspb_image-id-gsbp-bade469{position:static;}}@media (max-width: 991.98px){#gspb_image-id-gsbp-bade469 img{width:50%;}}@media (max-width: 575.98px){#gspb_image-id-gsbp-bade469 img{width:90%;}}@media (max-width: 991.98px){#gspb_image-id-gsbp-bade469, #gspb_image-id-gsbp-bade469 img{height:auto;}}@media (max-width: 767.98px){#gspb_image-id-gsbp-bade469, #gspb_image-id-gsbp-bade469 img{height:auto;}}@media (max-width: 575.98px){#gspb_image-id-gsbp-bade469, #gspb_image-id-gsbp-bade469 img{height:auto;}}.gspb_container-id-gsbp-77f37b6{flex-direction: column;box-sizing: border-box;}#gspb_container-id-gsbp-77f37b6.gspb_container > p:last-of-type{margin-bottom:0}#gspb_container-id-gsbp-77f37b6.gspb_container{position:relative;}#gspb_container-id-gsbp-77f37b6.gspb_container{margin-bottom:16px;padding-right:30px;padding-left:80px;}@media (max-width: 991.98px){#gspb_container-id-gsbp-77f37b6.gspb_container{margin-bottom:80px;padding-right:50px;padding-left:50px;}}@media (max-width: 575.98px){#gspb_container-id-gsbp-77f37b6.gspb_container{padding-right:40px;padding-left:40px;}}#gspb_container-id-gsbp-77f37b6.gspb_container{border-top-left-radius:60px;border-top-right-radius:60px;border-bottom-right-radius:60px;border-bottom-left-radius:60px;}@media (max-width: 991.98px){#gspb_container-id-gsbp-77f37b6.gspb_container{border-top-left-radius:20px;border-top-right-radius:20px;border-bottom-right-radius:20px;border-bottom-left-radius:20px;}}#gspb_container-id-gsbp-77f37b6.gspb_container > .gspb_backgroundOverlay{border-top-left-radius:60px;border-top-right-radius:60px;border-bottom-right-radius:60px;border-bottom-left-radius:60px;}@media (max-width: 991.98px){#gspb_container-id-gsbp-77f37b6.gspb_container > .gspb_backgroundOverlay{border-top-left-radius:20px;border-top-right-radius:20px;border-bottom-right-radius:20px;border-bottom-left-radius:20px;}}#gspb_container-id-gsbp-77f37b6.gspb_container{background-color:var(--wp--preset--color--palette-color-8, var(--theme-palette-color-8, #ffffff));}@media (max-width: 991.98px){#gspb_container-id-gsbp-77f37b6.gspb_container{background-color:var(--wp--preset--color--palette-color-5, var(--theme-palette-color-5, #E7F4F1));}}@media (max-width: 767.98px){#gspb_container-id-gsbp-77f37b6.gspb_container{background-color:var(--wp--preset--color--palette-color-5, var(--theme-palette-color-5, #E7F4F1));}}@media (max-width: 575.98px){#gspb_container-id-gsbp-77f37b6.gspb_container{background-color:var(--wp--preset--color--palette-color-5, var(--theme-palette-color-5, #E7F4F1));}}#gspb_container-id-gsbp-77f37b6.gspb_container{box-sizing:border-box;}.gspb_container-id-gsbp-3961bf2{flex-direction: column;box-sizing: border-box;}#gspb_container-id-gsbp-3961bf2.gspb_container > p:last-of-type{margin-bottom:0}#gspb_container-id-gsbp-3961bf2.gspb_container{position:relative;}body.gspb-bodyfront #gspb_container-id-gsbp-3961bf2.gspb_container{position:absolute;top:0px;right:0px;bottom:0px;left:0px;}#gspb_container-id-gsbp-3961bf2.gspb_container{overflow:hidden;}#gspb_container-id-gsbp-3961bf2.gspb_container{border-top-left-radius:60px;border-top-right-radius:60px;border-bottom-right-radius:60px;border-bottom-left-radius:60px;}@media (max-width: 991.98px){#gspb_container-id-gsbp-3961bf2.gspb_container{border-top-left-radius:20px;border-top-right-radius:20px;border-bottom-right-radius:20px;border-bottom-left-radius:20px;}}#gspb_container-id-gsbp-3961bf2.gspb_container > .gspb_backgroundOverlay{border-top-left-radius:60px;border-top-right-radius:60px;border-bottom-right-radius:60px;border-bottom-left-radius:60px;}@media (max-width: 991.98px){#gspb_container-id-gsbp-3961bf2.gspb_container > .gspb_backgroundOverlay{border-top-left-radius:20px;border-top-right-radius:20px;border-bottom-right-radius:20px;border-bottom-left-radius:20px;}}#gspb_container-id-gsbp-3961bf2.gspb_container{background-color:var(--wp--preset--color--palette-color-8, var(--theme-palette-color-8, #ffffff));}#gspb_container-id-gsbp-3961bf2.gspb_container{box-sizing:border-box;}body.gspb-bodyfront #gspb_container-id-gsbp-3961bf2.gspb_container{width:100%;}body.gspb-bodyfront #gspb_container-id-gsbp-3961bf2.gspb_container{height:100%;}#gspb_row-id-gsbp-79dd149{justify-content: space-between;margin-top: 0px;margin-bottom: 0px;display: flex;flex-wrap: wrap;}#gspb_row-id-gsbp-79dd149 > .gspb_row__content {display: flex;justify-content: space-between;margin: 0 auto;width: 100%;flex-wrap: wrap;}.gspb_row{position:relative;}div[id^=gspb_col-id]{box-sizing:border-box;position:relative;}body.gspb-bodyfront #gspb_row-id-gsbp-79dd149 > .gspb_row__content{width:var(--theme-container-width, 1200px);}body.gspb-bodyfront #gspb_row-id-gsbp-79dd149 > .gspb_row__content{max-width:var(--theme-normal-container-max-width, 1200px);}#gspb_row-id-gsbp-79dd149{margin-bottom:0px;}#gspb_row-id-gsbp-79dd149{border-top-left-radius:60px;border-top-right-radius:60px;border-bottom-right-radius:60px;border-bottom-left-radius:60px;}#gspb_row-id-gsbp-79dd149 > .gspb_backgroundOverlay{border-top-left-radius:60px;border-top-right-radius:60px;border-bottom-right-radius:60px;border-bottom-left-radius:60px;}#gspb_col-id-gsbp-b341d87.gspb_row__col--6{width:calc(50% - 15px);}@media (max-width: 991.98px){#gspb_col-id-gsbp-b341d87.gspb_row__col--6{width:100%;}}@media (max-width: 767.98px){#gspb_col-id-gsbp-b341d87.gspb_row__col--6{width:calc(100% - 15px);}}@media (max-width: 575.98px){#gspb_col-id-gsbp-b341d87.gspb_row__col--6{width:100%;}}@media (min-width:992px){body.gspb-bodyfront #gspb_col-id-gsbp-b341d87.gspb_row__col--6{width:calc(55% - 0px - 15px)}}.gspb_row #gspb_col-id-gsbp-b341d87.gspb_row__col--6{padding-top:40px;padding-right:0px;padding-bottom:40px;padding-left:0px;}@media (max-width: 991.98px){.gspb_row #gspb_col-id-gsbp-b341d87.gspb_row__col--6{padding-top:50px;padding-bottom:50px;}}@media (max-width: 575.98px){.gspb_row #gspb_col-id-gsbp-b341d87.gspb_row__col--6{padding-top:40px;padding-bottom:40px;}}body #gspb_col-id-gsbp-b341d87.gspb_row__col--6{display:flex;flex-direction:column;justify-content:center;}@media (max-width: 991.98px){body #gspb_col-id-gsbp-b341d87.gspb_row__col--6{align-items:center;}}#gspb_heading-id-gsbp-58b84ab{font-size:50px;}@media (max-width: 991.98px){#gspb_heading-id-gsbp-58b84ab{font-size:35px;}}@media (max-width: 575.98px){#gspb_heading-id-gsbp-58b84ab{font-size:30px;}}@media (max-width: 991.98px){#gspb_heading-id-gsbp-58b84ab, #gspb_heading-id-gsbp-58b84ab .gsap-g-line{text-align:center!important;}}#gspb_heading-id-gsbp-58b84ab{font-weight:800!important;}@media (max-width: 991.98px){#gspb_heading-id-gsbp-58b84ab{font-weight:800!important;}}@media (max-width: 767.98px){#gspb_heading-id-gsbp-58b84ab{font-weight:800!important;}}@media (max-width: 575.98px){#gspb_heading-id-gsbp-58b84ab{font-weight:800!important;}}#gspb_heading-id-gsbp-58b84ab{margin-top:0px;margin-bottom:0px;}#gspb_col-id-gsbp-1c6449a.gspb_row__col--6{width:calc(50% - 15px);}@media (max-width: 991.98px){#gspb_col-id-gsbp-1c6449a.gspb_row__col--6{width:100%;}}@media (max-width: 767.98px){#gspb_col-id-gsbp-1c6449a.gspb_row__col--6{width:calc(100% - 15px);}}@media (max-width: 575.98px){#gspb_col-id-gsbp-1c6449a.gspb_row__col--6{width:100%;}}@media (min-width:992px){body.gspb-bodyfront #gspb_col-id-gsbp-1c6449a.gspb_row__col--6{width:calc(45% - 0px - 15px)}}.gspb_row #gspb_col-id-gsbp-1c6449a.gspb_row__col--6{padding-top:0px;padding-right:0px;padding-bottom:0px;padding-left:0px;}body #gspb_col-id-gsbp-1c6449a.gspb_row__col--6{display:flex;flex-direction:column;justify-content:flex-end;}#gspb_image-id-gsbp-725da68{text-align:center;}@media (max-width: 991.98px){#gspb_image-id-gsbp-725da68{text-align:center;}}#gspb_image-id-gsbp-725da68 img{vertical-align:middle;}#gspb_image-id-gsbp-725da68 img{display:inline-block;box-sizing:border-box;max-width:100%;height:auto;}#gspb_image-id-gsbp-725da68{margin-top:-35px;}@media (max-width: 991.98px){#gspb_image-id-gsbp-725da68{margin-top:0px;}}body.gspb-bodyfront #gspb_image-id-gsbp-725da68{position:absolute;top:0;left:0;}@media (max-width: 991.98px){body.gspb-bodyfront #gspb_image-id-gsbp-725da68{position:static;}}@media (max-width: 991.98px){#gspb_image-id-gsbp-725da68 img{width:50%;}}@media (max-width: 575.98px){#gspb_image-id-gsbp-725da68 img{width:90%;}}@media (max-width: 991.98px){#gspb_image-id-gsbp-725da68, #gspb_image-id-gsbp-725da68 img{height:auto;}}@media (max-width: 767.98px){#gspb_image-id-gsbp-725da68, #gspb_image-id-gsbp-725da68 img{height:auto;}}@media (max-width: 575.98px){#gspb_image-id-gsbp-725da68, #gspb_image-id-gsbp-725da68 img{height:auto;}}.gspb_container-id-gsbp-82702d6{flex-direction: column;box-sizing: border-box;}#gspb_container-id-gsbp-82702d6.gspb_container > p:last-of-type{margin-bottom:0}#gspb_container-id-gsbp-82702d6.gspb_container{position:relative;}#gspb_container-id-gsbp-82702d6.gspb_container{overflow:hidden;display: flex;--gap: 1rem;gap: var(--gap);}#gspb_container-id-gsbp-82702d6.gspb_container > .gspb_marquee_content {flex-shrink: 0;display: flex;justify-content: space-around;gap: var(--gap);min-width: 100%;}@keyframes marqueegsbp-82702d6{from {transform: translateX(0);}to{transform: translateX(calc(-100% - var(--gap)));}}#gspb_container-id-gsbp-82702d6.gspb_container.marquee_enabled .gspb_marquee_content {animation: marqueegsbp-82702d6 12s linear infinite;}@media (prefers-reduced-motion: reduce) {#gspb_container-id-gsbp-82702d6.gspb_container .marquee__content {animation-play-state: paused!important;}}#gspb_container-id-gsbp-82702d6.gspb_container{mask-image: linear-gradient(to left, hsl(0 0% 0% \/ 0), hsl(0 0% 0% \/ 1) 5%, hsl(0 0% 0% \/ 1) 95%, hsl(0 0% 0% \/ 0));}#gspb_container-id-gsbp-82702d6.gspb_container{box-sizing:border-box;}#gspb_heading-id-gsbp-4f82075{margin-top:0px;margin-bottom:0px;}.gspb_text-id-gsbp-6b14e2e{font-weight:400;}.gspb_text-id-gsbp-6b14e2e{font-family:Poppins, sans-serif;}.gspb_text-id-gsbp-6b14e2e{font-size:30px;}.gspb_text-id-gsbp-6b14e2e{margin-bottom:12px!important;}","_kadence_starter_templates_imported_post":false,"footnotes":""},"class_list":["post-16","page","type-page","status-publish","hentry"],"blocksy_meta":{"has_hero_section":"disabled","styles_descriptor":{"styles":{"desktop":"","tablet":"","mobile":""},"google_fonts":[],"version":6}},"_links":{"self":[{"href":"https:\/\/somos52.com\/index.php?rest_route=\/wp\/v2\/pages\/16","targetHints":{"allow":["GET"]}}],"collection":[{"href":"https:\/\/somos52.com\/index.php?rest_route=\/wp\/v2\/pages"}],"about":[{"href":"https:\/\/somos52.com\/index.php?rest_route=\/wp\/v2\/types\/page"}],"author":[{"embeddable":true,"href":"https:\/\/somos52.com\/index.php?rest_route=\/wp\/v2\/users\/1"}],"replies":[{"embeddable":true,"href":"https:\/\/somos52.com\/index.php?rest_route=%2Fwp%2Fv2%2Fcomments&post=16"}],"version-history":[{"count":13,"href":"https:\/\/somos52.com\/index.php?rest_route=\/wp\/v2\/pages\/16\/revisions"}],"predecessor-version":[{"id":1474,"href":"https:\/\/somos52.com\/index.php?rest_route=\/wp\/v2\/pages\/16\/revisions\/1474"}],"wp:attachment":[{"href":"https:\/\/somos52.com\/index.php?rest_route=%2Fwp%2Fv2%2Fmedia&parent=16"}],"curies":[{"name":"wp","href":"https:\/\/api.w.org\/{rel}","templated":true}]}}